{"id":164,"date":"2011-04-19T20:34:21","date_gmt":"2011-04-19T20:34:21","guid":{"rendered":"http:\/\/www.zarol.es\/?page_id=164"},"modified":"2017-09-09T21:14:26","modified_gmt":"2017-09-09T21:14:26","slug":"home","status":"publish","type":"page","link":"https:\/\/www.zarol.es\/","title":{"rendered":"Agentes de la Propiedad Industrial &#8211; Consultores Jur\u00eddicos"},"content":{"rendered":"<p><strong><em>\u00bfPor qu\u00e9 la Propiedad Industrial es importante? \u00bfC\u00f3mo puede la Propiedad Industrial aumentar el valor comercial de su negocio? Su marca, invenci\u00f3n o dise\u00f1o \u00bfest\u00e1n debidamente protegidos? Nuestra firma le puede ayudar a gestionar de la manera m\u00e1s eficaz sus activos. <\/em><\/strong><\/p>\n<p><em><strong>Contamos con m\u00e1s de 20 a\u00f1os de experiencia en la Propiedad Industrial, proporcionando asesoramiento y gesti\u00f3n integral en todo lo relativo a patentes, marcas y dise\u00f1os a nivel nacional e internacional<\/strong> <\/em><strong><br \/>\n<\/strong><\/p>\n","protected":false},"excerpt":{"rendered":"<p>\u00bfPor qu\u00e9 la Propiedad Industrial es importante? \u00bfC\u00f3mo puede la Propiedad Industrial aumentar el valor comercial de su negocio? Su marca, invenci\u00f3n o dise\u00f1o \u00bfest\u00e1n debidamente protegidos? Nuestra firma le puede ayudar a gestionar de la manera m\u00e1s eficaz sus activos. Contamos con m\u00e1s de 20 a\u00f1os de experiencia en la Propiedad Industrial, proporcionando asesoramiento &hellip; <\/p>\n<p><a class=\"more-link btn\" href=\"https:\/\/www.zarol.es\/\">Seguir leyendo<\/a><\/p>\n","protected":false},"author":1,"featured_media":0,"parent":0,"menu_order":0,"comment_status":"closed","ping_status":"closed","template":"","meta":{"footnotes":""},"class_list":["post-164","page","type-page","status-publish","hentry","nodate","item-wrap"],"_links":{"self":[{"href":"https:\/\/www.zarol.es\/index.php?rest_route=\/wp\/v2\/pages\/164","targetHints":{"allow":["GET"]}}],"collection":[{"href":"https:\/\/www.zarol.es\/index.php?rest_route=\/wp\/v2\/pages"}],"about":[{"href":"https:\/\/www.zarol.es\/index.php?rest_route=\/wp\/v2\/types\/page"}],"author":[{"embeddable":true,"href":"https:\/\/www.zarol.es\/index.php?rest_route=\/wp\/v2\/users\/1"}],"replies":[{"embeddable":true,"href":"https:\/\/www.zarol.es\/index.php?rest_route=%2Fwp%2Fv2%2Fcomments&post=164"}],"version-history":[{"count":69,"href":"https:\/\/www.zarol.es\/index.php?rest_route=\/wp\/v2\/pages\/164\/revisions"}],"predecessor-version":[{"id":2721,"href":"https:\/\/www.zarol.es\/index.php?rest_route=\/wp\/v2\/pages\/164\/revisions\/2721"}],"wp:attachment":[{"href":"https:\/\/www.zarol.es\/index.php?rest_route=%2Fwp%2Fv2%2Fmedia&parent=164"}],"curies":[{"name":"wp","href":"https:\/\/api.w.org\/{rel}","templated":true}]}}